{"id":145,"date":"2018-09-29T18:57:40","date_gmt":"2018-09-29T16:57:40","guid":{"rendered":"http:\/\/perle-energie.fr\/?page_id=145"},"modified":"2025-07-31T16:31:44","modified_gmt":"2025-07-31T14:31:44","slug":"ou","status":"publish","type":"page","link":"https:\/\/perle-energie.fr\/index.php\/ou\/","title":{"rendered":"O\u00f9?"},"content":{"rendered":"\n<figure class=\"wp-block-gallery has-nested-images columns-default is-cropped\">\n<figure class=\"wp-block-image size-large\"><img loading=\"lazy\" width=\"1922\" height=\"2560\" data-id=\"345\"  src=\"http:\/\/perle-energie.fr\/wp-content\/uploads\/2022\/05\/2022.05-chambre-massage-61-scaled.jpg\" alt=\"\" class=\"wp-image-345\" srcset=\"https:\/\/perle-energie.fr\/wp-content\/uploads\/2022\/05\/2022.05-chambre-massage-61-scaled.jpg 1922w, https:\/\/perle-energie.fr\/wp-content\/uploads\/2022\/05\/2022.05-chambre-massage-61-225x300.jpg 225w, https:\/\/perle-energie.fr\/wp-content\/uploads\/2022\/05\/2022.05-chambre-massage-61-769x1024.jpg 769w, https:\/\/perle-energie.fr\/wp-content\/uploads\/2022\/05\/2022.05-chambre-massage-61-768x1023.jpg 768w, https:\/\/perle-energie.fr\/wp-content\/uploads\/2022\/05\/2022.05-chambre-massage-61-1153x1536.jpg 1153w, https:\/\/perle-energie.fr\/wp-content\/uploads\/2022\/05\/2022.05-chambre-massage-61-1538x2048.jpg 1538w\" sizes=\"(max-width: 1922px) 100vw, 1922px\" \/><\/figure>\n\n\n\n<figure class=\"wp-duotone-000000-ffffff-1 wp-block-image size-large\"><img loading=\"lazy\" width=\"2560\" height=\"1922\" data-id=\"342\"  src=\"http:\/\/perle-energie.fr\/wp-content\/uploads\/2022\/05\/2022.05-chambre-massage-44-scaled.jpg\" alt=\"\" class=\"wp-image-342\" srcset=\"https:\/\/perle-energie.fr\/wp-content\/uploads\/2022\/05\/2022.05-chambre-massage-44-scaled.jpg 2560w, https:\/\/perle-energie.fr\/wp-content\/uploads\/2022\/05\/2022.05-chambre-massage-44-300x225.jpg 300w, https:\/\/perle-energie.fr\/wp-content\/uploads\/2022\/05\/2022.05-chambre-massage-44-1024x769.jpg 1024w, https:\/\/perle-energie.fr\/wp-content\/uploads\/2022\/05\/2022.05-chambre-massage-44-768x577.jpg 768w, https:\/\/perle-energie.fr\/wp-content\/uploads\/2022\/05\/2022.05-chambre-massage-44-1536x1153.jpg 1536w, https:\/\/perle-energie.fr\/wp-content\/uploads\/2022\/05\/2022.05-chambre-massage-44-2048x1538.jpg 2048w, https:\/\/perle-energie.fr\/wp-content\/uploads\/2022\/05\/2022.05-chambre-massage-44-285x214.jpg 285w\" sizes=\"(max-width: 2560px) 100vw, 2560px\" \/><\/figure>\n\n\n\n<figure class=\"wp-block-image size-large\"><img loading=\"lazy\" width=\"1024\" height=\"768\" data-id=\"460\"  src=\"http:\/\/perle-energie.fr\/wp-content\/uploads\/2025\/07\/2025.07-Chambre-massage-3-1024x768.jpg\" alt=\"\" class=\"wp-image-460\" srcset=\"https:\/\/perle-energie.fr\/wp-content\/uploads\/2025\/07\/2025.07-Chambre-massage-3-1024x768.jpg 1024w, https:\/\/perle-energie.fr\/wp-content\/uploads\/2025\/07\/2025.07-Chambre-massage-3-300x225.jpg 300w, https:\/\/perle-energie.fr\/wp-content\/uploads\/2025\/07\/2025.07-Chambre-massage-3-768x576.jpg 768w, https:\/\/perle-energie.fr\/wp-content\/uploads\/2025\/07\/2025.07-Chambre-massage-3-1536x1152.jpg 1536w, https:\/\/perle-energie.fr\/wp-content\/uploads\/2025\/07\/2025.07-Chambre-massage-3-2048x1536.jpg 2048w, https:\/\/perle-energie.fr\/wp-content\/uploads\/2025\/07\/2025.07-Chambre-massage-3-285x214.jpg 285w\" sizes=\"(max-width: 1024px) 100vw, 1024px\" \/><\/figure>\n\n\n\n<figure class=\"wp-block-image size-large\"><img loading=\"lazy\" width=\"768\" height=\"1024\" data-id=\"459\"  src=\"http:\/\/perle-energie.fr\/wp-content\/uploads\/2025\/07\/2025.07-Chambre-massage-2-768x1024.jpg\" alt=\"\" class=\"wp-image-459\" srcset=\"https:\/\/perle-energie.fr\/wp-content\/uploads\/2025\/07\/2025.07-Chambre-massage-2-768x1024.jpg 768w, https:\/\/perle-energie.fr\/wp-content\/uploads\/2025\/07\/2025.07-Chambre-massage-2-225x300.jpg 225w, https:\/\/perle-energie.fr\/wp-content\/uploads\/2025\/07\/2025.07-Chambre-massage-2-1152x1536.jpg 1152w, https:\/\/perle-energie.fr\/wp-content\/uploads\/2025\/07\/2025.07-Chambre-massage-2-1536x2048.jpg 1536w, https:\/\/perle-energie.fr\/wp-content\/uploads\/2025\/07\/2025.07-Chambre-massage-2-scaled.jpg 1920w\" sizes=\"(max-width: 768px) 100vw, 768px\" \/><\/figure>\n<\/figure>\n\n\n\n<h3>   &nbsp;<em> A mon domicile , dans une pi\u00e8ce am\u00e9nag\u00e9e sp\u00e9cifiquement pour le massage, la r\u00e9flexologie, la d\u00e9tente&#8230;.<\/em><\/h3>\n\n\n\n<p><\/p>\n\n\n\n<h2><\/h2>\n\n\n\n<figure class=\"wp-block-gallery has-nested-images columns-default is-cropped\"><\/figure>\n","protected":false},"excerpt":{"rendered":"<p>&nbsp; A mon domicile , dans une pi\u00e8ce am\u00e9nag\u00e9e sp\u00e9cifiquement pour le massage, la r\u00e9flexologie, la d\u00e9tente&#8230;.<\/p>\n","protected":false},"author":1,"featured_media":0,"parent":0,"menu_order":0,"comment_status":"closed","ping_status":"closed","template":"template-fullwidth.php","meta":[],"yoast_head":"<!-- This site is optimized with the Yoast SEO plugin v18.6 - https:\/\/yoast.com\/wordpress\/plugins\/seo\/ -->\n<title>O\u00f9? - Perles d&#039;\u00e9nergie - Mich\u00e8le Mamy<\/title>\n<meta name=\"robots\" content=\"noindex, follow\" \/>\n<meta property=\"og:locale\" content=\"fr_FR\" \/>\n<meta property=\"og:type\" content=\"article\" \/>\n<meta property=\"og:title\" content=\"O\u00f9? - Perles d&#039;\u00e9nergie - Mich\u00e8le Mamy\" \/>\n<meta property=\"og:description\" content=\"&nbsp; A mon domicile , dans une pi\u00e8ce am\u00e9nag\u00e9e sp\u00e9cifiquement pour le massage, la r\u00e9flexologie, la d\u00e9tente&#8230;.\" \/>\n<meta property=\"og:url\" content=\"https:\/\/perle-energie.fr\/index.php\/ou\/\" \/>\n<meta property=\"og:site_name\" content=\"Perles d&#039;\u00e9nergie - Mich\u00e8le Mamy\" \/>\n<meta property=\"article:modified_time\" content=\"2025-07-31T14:31:44+00:00\" \/>\n<meta property=\"og:image\" content=\"http:\/\/perle-energie.fr\/wp-content\/uploads\/2022\/05\/2022.05-chambre-massage-61-scaled.jpg\" \/>\n<meta name=\"twitter:card\" content=\"summary_large_image\" \/>\n<meta name=\"twitter:label1\" content=\"Dur\u00e9e de lecture estim\u00e9e\" \/>\n\t<meta name=\"twitter:data1\" content=\"1 minute\" \/>\n<script type=\"application\/ld+json\" class=\"yoast-schema-graph\">{\"@context\":\"https:\/\/schema.org\",\"@graph\":[{\"@type\":\"WebSite\",\"@id\":\"https:\/\/perle-energie.fr\/#website\",\"url\":\"https:\/\/perle-energie.fr\/\",\"name\":\"Perles d&#039;\u00e9nergie - Mich\u00e8le Mamy\",\"description\":\"\",\"potentialAction\":[{\"@type\":\"SearchAction\",\"target\":{\"@type\":\"EntryPoint\",\"urlTemplate\":\"https:\/\/perle-energie.fr\/?s={search_term_string}\"},\"query-input\":\"required name=search_term_string\"}],\"inLanguage\":\"fr-FR\"},{\"@type\":\"ImageObject\",\"@id\":\"https:\/\/perle-energie.fr\/index.php\/ou\/#primaryimage\",\"inLanguage\":\"fr-FR\",\"url\":\"https:\/\/perle-energie.fr\/wp-content\/uploads\/2022\/05\/2022.05-chambre-massage-61-scaled.jpg\",\"contentUrl\":\"https:\/\/perle-energie.fr\/wp-content\/uploads\/2022\/05\/2022.05-chambre-massage-61-scaled.jpg\",\"width\":1922,\"height\":2560},{\"@type\":\"WebPage\",\"@id\":\"https:\/\/perle-energie.fr\/index.php\/ou\/#webpage\",\"url\":\"https:\/\/perle-energie.fr\/index.php\/ou\/\",\"name\":\"O\u00f9? - Perles d&#039;\u00e9nergie - Mich\u00e8le Mamy\",\"isPartOf\":{\"@id\":\"https:\/\/perle-energie.fr\/#website\"},\"primaryImageOfPage\":{\"@id\":\"https:\/\/perle-energie.fr\/index.php\/ou\/#primaryimage\"},\"datePublished\":\"2018-09-29T16:57:40+00:00\",\"dateModified\":\"2025-07-31T14:31:44+00:00\",\"breadcrumb\":{\"@id\":\"https:\/\/perle-energie.fr\/index.php\/ou\/#breadcrumb\"},\"inLanguage\":\"fr-FR\",\"potentialAction\":[{\"@type\":\"ReadAction\",\"target\":[\"https:\/\/perle-energie.fr\/index.php\/ou\/\"]}]},{\"@type\":\"BreadcrumbList\",\"@id\":\"https:\/\/perle-energie.fr\/index.php\/ou\/#breadcrumb\",\"itemListElement\":[{\"@type\":\"ListItem\",\"position\":1,\"name\":\"Accueil\",\"item\":\"https:\/\/perle-energie.fr\/\"},{\"@type\":\"ListItem\",\"position\":2,\"name\":\"O\u00f9?\"}]}]}<\/script>\n<!-- \/ Yoast SEO plugin. -->","yoast_head_json":{"title":"O\u00f9? - Perles d&#039;\u00e9nergie - Mich\u00e8le Mamy","robots":{"index":"noindex","follow":"follow"},"og_locale":"fr_FR","og_type":"article","og_title":"O\u00f9? - Perles d&#039;\u00e9nergie - Mich\u00e8le Mamy","og_description":"&nbsp; A mon domicile , dans une pi\u00e8ce am\u00e9nag\u00e9e sp\u00e9cifiquement pour le massage, la r\u00e9flexologie, la d\u00e9tente&#8230;.","og_url":"https:\/\/perle-energie.fr\/index.php\/ou\/","og_site_name":"Perles d&#039;\u00e9nergie - Mich\u00e8le Mamy","article_modified_time":"2025-07-31T14:31:44+00:00","og_image":[{"url":"http:\/\/perle-energie.fr\/wp-content\/uploads\/2022\/05\/2022.05-chambre-massage-61-scaled.jpg"}],"twitter_card":"summary_large_image","twitter_misc":{"Dur\u00e9e de lecture estim\u00e9e":"1 minute"},"schema":{"@context":"https:\/\/schema.org","@graph":[{"@type":"WebSite","@id":"https:\/\/perle-energie.fr\/#website","url":"https:\/\/perle-energie.fr\/","name":"Perles d&#039;\u00e9nergie - Mich\u00e8le Mamy","description":"","potentialAction":[{"@type":"SearchAction","target":{"@type":"EntryPoint","urlTemplate":"https:\/\/perle-energie.fr\/?s={search_term_string}"},"query-input":"required name=search_term_string"}],"inLanguage":"fr-FR"},{"@type":"ImageObject","@id":"https:\/\/perle-energie.fr\/index.php\/ou\/#primaryimage","inLanguage":"fr-FR","url":"https:\/\/perle-energie.fr\/wp-content\/uploads\/2022\/05\/2022.05-chambre-massage-61-scaled.jpg","contentUrl":"https:\/\/perle-energie.fr\/wp-content\/uploads\/2022\/05\/2022.05-chambre-massage-61-scaled.jpg","width":1922,"height":2560},{"@type":"WebPage","@id":"https:\/\/perle-energie.fr\/index.php\/ou\/#webpage","url":"https:\/\/perle-energie.fr\/index.php\/ou\/","name":"O\u00f9? - Perles d&#039;\u00e9nergie - Mich\u00e8le Mamy","isPartOf":{"@id":"https:\/\/perle-energie.fr\/#website"},"primaryImageOfPage":{"@id":"https:\/\/perle-energie.fr\/index.php\/ou\/#primaryimage"},"datePublished":"2018-09-29T16:57:40+00:00","dateModified":"2025-07-31T14:31:44+00:00","breadcrumb":{"@id":"https:\/\/perle-energie.fr\/index.php\/ou\/#breadcrumb"},"inLanguage":"fr-FR","potentialAction":[{"@type":"ReadAction","target":["https:\/\/perle-energie.fr\/index.php\/ou\/"]}]},{"@type":"BreadcrumbList","@id":"https:\/\/perle-energie.fr\/index.php\/ou\/#breadcrumb","itemListElement":[{"@type":"ListItem","position":1,"name":"Accueil","item":"https:\/\/perle-energie.fr\/"},{"@type":"ListItem","position":2,"name":"O\u00f9?"}]}]}},"_links":{"self":[{"href":"https:\/\/perle-energie.fr\/index.php\/wp-json\/wp\/v2\/pages\/145"}],"collection":[{"href":"https:\/\/perle-energie.fr\/index.php\/wp-json\/wp\/v2\/pages"}],"about":[{"href":"https:\/\/perle-energie.fr\/index.php\/wp-json\/wp\/v2\/types\/page"}],"author":[{"embeddable":true,"href":"https:\/\/perle-energie.fr\/index.php\/wp-json\/wp\/v2\/users\/1"}],"replies":[{"embeddable":true,"href":"https:\/\/perle-energie.fr\/index.php\/wp-json\/wp\/v2\/comments?post=145"}],"version-history":[{"count":15,"href":"https:\/\/perle-energie.fr\/index.php\/wp-json\/wp\/v2\/pages\/145\/revisions"}],"predecessor-version":[{"id":461,"href":"https:\/\/perle-energie.fr\/index.php\/wp-json\/wp\/v2\/pages\/145\/revisions\/461"}],"wp:attachment":[{"href":"https:\/\/perle-energie.fr\/index.php\/wp-json\/wp\/v2\/media?parent=145"}],"curies":[{"name":"wp","href":"https:\/\/api.w.org\/{rel}","templated":true}]}}