{"id":114,"date":"2018-09-29T17:27:01","date_gmt":"2018-09-29T15:27:01","guid":{"rendered":"http:\/\/perle-energie.fr\/?page_id=114"},"modified":"2025-08-28T18:06:05","modified_gmt":"2025-08-28T16:06:05","slug":"tarifs-contact","status":"publish","type":"page","link":"https:\/\/perle-energie.fr\/index.php\/tarifs-contact\/","title":{"rendered":"Tarifs &#038; Contact"},"content":{"rendered":"<h2 style=\"text-align: center;\"><strong><span style=\"color: #800080;\"><span style=\"color: #333333;\">\u00a0\u00a0 TARIFS 2025<\/span><br \/><\/span><\/strong><\/h2>\n<h3 style=\"text-align: center;\"><span style=\"color: #ff00ff;\"><strong>\u00a0\u00a0 \u00a0 R\u00e9flexologie plantaire\u00a0\u00a0<\/strong><br \/><\/span><\/h3>\n<ul style=\"text-align: center;\">\n<li>S\u00e9ance <span style=\"color: #ff00ff;\"><strong>50mn<\/strong>: 45<strong> \u20ac <\/strong><\/span><\/li>\n<li>Forfait 3 s\u00e9ances <span style=\"color: #ff00ff;\">115 \u20ac<\/span><\/li>\n<\/ul>\n<h3 style=\"text-align: center;\"><strong><span style=\"color: #ff00ff;\"><span style=\"color: #911191;\">R\u00e9flexologie plantaire <\/span><\/span><\/strong><span style=\"color: #ff00ff;\"><span style=\"color: #911191;\">&amp;<\/span><\/span><strong><span style=\"color: #ff00ff;\"><span style=\"color: #911191;\"> palmaire<\/span><\/span><br \/><\/strong><\/h3>\n<ul style=\"text-align: center;\">\n<li>S\u00e9ance <span style=\"color: #911191;\"><strong>1 h15\u00a0\u00a0<\/strong> 60 \u20ac<\/span><\/li>\n<li><span style=\"color: #ff00ff;\"><span style=\"color: #000000;\">Forfait 3 s\u00e9ances<\/span><span style=\"color: #993366;\"> 150 \u20ac<\/span><\/span><\/li>\n<\/ul>\n<h3 style=\"text-align: center;\"><span style=\"color: #db4416;\"><strong>\u00a0\u00a0\u00a0\u00a0\u00a0 Massage Californi<span style=\"color: #ff4400;\">en<\/span> <br \/><\/strong><\/span><\/h3>\n<ul style=\"text-align: center;\">\n<li>S\u00e9ance<span style=\"color: #db4416;\"><strong> 1h : 5<\/strong>0 \u20ac<\/span><\/li>\n<\/ul>\n<h3 style=\"text-align: center;\"><strong><span style=\"color: #0000ff;\">\u00a0\u00a0\u00a0\u00a0 Massage Harmonie<\/span><\/strong><\/h3>\n<ul>\n<li style=\"text-align: center;\">S\u00e9ance <span style=\"color: #0000ff;\"><strong>1h<\/strong> : 60 \u20ac<\/span><\/li>\n<li style=\"text-align: center;\">S\u00e9ance <span style=\"color: #0000ff;\"><strong>1h15<\/strong> : 70 \u20ac<\/span><\/li>\n<li style=\"text-align: center;\">\n<h3><span style=\"color: #993366;\"><strong>Massage enfants 4-12 ans<\/strong><\/span><\/h3>\n<\/li>\n<li style=\"text-align: center;\">Forfait 4 s\u00e9ances <span style=\"color: #993366;\"><strong>(20mn\/30mn\/45mn\/45mn)<\/strong> : 130\u20ac<\/span><\/li>\n<\/ul>\n<h3 style=\"text-align: center;\"><strong><span style=\"color: #3366ff;\"><em>\u00a0\u00a0\u00a0\u00a0\u00a0\u00a0 <span style=\"color: #808080;\">Possibilit\u00e9 bon cadeau (valable 12 mois)<\/span><\/em> <\/span><\/strong><\/h3>\n<hr \/>\n<h3 style=\"text-align: center;\"><span style=\"color: #800080;\">CONTACT\u00a0 <\/span><\/h3>\n<p style=\"text-align: center;\"><strong>Mich\u00e8le MAMY<\/strong><\/p>\n<p style=\"text-align: center;\">18 Rue All\u00e9gro<\/p>\n<p style=\"text-align: center;\">38430 MOIRANS<\/p>\n<h2 style=\"text-align: center;\"><strong><span style=\"color: #ff00ff;\"><span style=\"color: #993366;\">06 79 98 69 67<br \/><\/span><\/span><\/strong><\/h2>\n<h4 style=\"text-align: center;\">\u00a0<\/h4>\n<p style=\"text-align: center;\"><strong>\u00a0<\/strong><\/p>\n\n\n<h2><\/h2>\n\n\n\n<p><\/p>\n","protected":false},"excerpt":{"rendered":"<p>\u00a0\u00a0 TARIFS 2025 \u00a0\u00a0 \u00a0 R\u00e9flexologie plantaire\u00a0\u00a0 S\u00e9ance 50mn: 45 \u20ac Forfait 3 s\u00e9ances 115 \u20ac R\u00e9flexologie plantaire &amp; palmaire S\u00e9ance 1 h15\u00a0\u00a0 60 \u20ac Forfait 3 s\u00e9ances 150 \u20ac \u00a0\u00a0\u00a0\u00a0\u00a0 Massage Californien S\u00e9ance 1h : 50 \u20ac \u00a0\u00a0\u00a0\u00a0 Massage Harmonie S\u00e9ance 1h : 60 \u20ac S\u00e9ance 1h15 : 70 \u20ac Massage enfants 4-12 ans <a href=\"https:\/\/perle-energie.fr\/index.php\/tarifs-contact\/\" rel=\"nofollow\"><span class=\"sr-only\">En savoir plus surTarifs &#038; Contact<\/span>[&hellip;]<\/a><\/p>\n","protected":false},"author":1,"featured_media":0,"parent":0,"menu_order":0,"comment_status":"closed","ping_status":"closed","template":"template-fullwidth.php","meta":[],"yoast_head":"<!-- This site is optimized with the Yoast SEO plugin v18.6 - https:\/\/yoast.com\/wordpress\/plugins\/seo\/ -->\n<title>Tarifs &amp; Contact - Perles d&#039;\u00e9nergie - Mich\u00e8le Mamy<\/title>\n<meta name=\"robots\" content=\"noindex, nofollow\" \/>\n<meta property=\"og:locale\" content=\"fr_FR\" \/>\n<meta property=\"og:type\" content=\"article\" \/>\n<meta property=\"og:title\" content=\"Tarifs &amp; Contact - Perles d&#039;\u00e9nergie - Mich\u00e8le Mamy\" \/>\n<meta property=\"og:description\" content=\"\u00a0\u00a0 TARIFS 2025 \u00a0\u00a0 \u00a0 R\u00e9flexologie plantaire\u00a0\u00a0 S\u00e9ance 50mn: 45 \u20ac Forfait 3 s\u00e9ances 115 \u20ac R\u00e9flexologie plantaire &amp; palmaire S\u00e9ance 1 h15\u00a0\u00a0 60 \u20ac Forfait 3 s\u00e9ances 150 \u20ac \u00a0\u00a0\u00a0\u00a0\u00a0 Massage Californien S\u00e9ance 1h : 50 \u20ac \u00a0\u00a0\u00a0\u00a0 Massage Harmonie S\u00e9ance 1h : 60 \u20ac S\u00e9ance 1h15 : 70 \u20ac Massage enfants 4-12 ans En savoir plus surTarifs &#038; Contact[&hellip;]\" \/>\n<meta property=\"og:url\" content=\"https:\/\/perle-energie.fr\/index.php\/tarifs-contact\/\" \/>\n<meta property=\"og:site_name\" content=\"Perles d&#039;\u00e9nergie - Mich\u00e8le Mamy\" \/>\n<meta property=\"article:modified_time\" content=\"2025-08-28T16:06:05+00:00\" \/>\n<meta name=\"twitter:card\" content=\"summary_large_image\" \/>\n<meta name=\"twitter:label1\" content=\"Dur\u00e9e de lecture estim\u00e9e\" \/>\n\t<meta name=\"twitter:data1\" content=\"1 minute\" \/>\n<script type=\"application\/ld+json\" class=\"yoast-schema-graph\">{\"@context\":\"https:\/\/schema.org\",\"@graph\":[{\"@type\":\"WebSite\",\"@id\":\"https:\/\/perle-energie.fr\/#website\",\"url\":\"https:\/\/perle-energie.fr\/\",\"name\":\"Perles d&#039;\u00e9nergie - Mich\u00e8le Mamy\",\"description\":\"\",\"potentialAction\":[{\"@type\":\"SearchAction\",\"target\":{\"@type\":\"EntryPoint\",\"urlTemplate\":\"https:\/\/perle-energie.fr\/?s={search_term_string}\"},\"query-input\":\"required name=search_term_string\"}],\"inLanguage\":\"fr-FR\"},{\"@type\":\"WebPage\",\"@id\":\"https:\/\/perle-energie.fr\/index.php\/tarifs-contact\/#webpage\",\"url\":\"https:\/\/perle-energie.fr\/index.php\/tarifs-contact\/\",\"name\":\"Tarifs & Contact - Perles d&#039;\u00e9nergie - Mich\u00e8le Mamy\",\"isPartOf\":{\"@id\":\"https:\/\/perle-energie.fr\/#website\"},\"datePublished\":\"2018-09-29T15:27:01+00:00\",\"dateModified\":\"2025-08-28T16:06:05+00:00\",\"breadcrumb\":{\"@id\":\"https:\/\/perle-energie.fr\/index.php\/tarifs-contact\/#breadcrumb\"},\"inLanguage\":\"fr-FR\",\"potentialAction\":[{\"@type\":\"ReadAction\",\"target\":[\"https:\/\/perle-energie.fr\/index.php\/tarifs-contact\/\"]}]},{\"@type\":\"BreadcrumbList\",\"@id\":\"https:\/\/perle-energie.fr\/index.php\/tarifs-contact\/#breadcrumb\",\"itemListElement\":[{\"@type\":\"ListItem\",\"position\":1,\"name\":\"Accueil\",\"item\":\"https:\/\/perle-energie.fr\/\"},{\"@type\":\"ListItem\",\"position\":2,\"name\":\"Tarifs &#038; Contact\"}]}]}<\/script>\n<!-- \/ Yoast SEO plugin. -->","yoast_head_json":{"title":"Tarifs & Contact - Perles d&#039;\u00e9nergie - Mich\u00e8le Mamy","robots":{"index":"noindex","follow":"nofollow"},"og_locale":"fr_FR","og_type":"article","og_title":"Tarifs & Contact - Perles d&#039;\u00e9nergie - Mich\u00e8le Mamy","og_description":"\u00a0\u00a0 TARIFS 2025 \u00a0\u00a0 \u00a0 R\u00e9flexologie plantaire\u00a0\u00a0 S\u00e9ance 50mn: 45 \u20ac Forfait 3 s\u00e9ances 115 \u20ac R\u00e9flexologie plantaire &amp; palmaire S\u00e9ance 1 h15\u00a0\u00a0 60 \u20ac Forfait 3 s\u00e9ances 150 \u20ac \u00a0\u00a0\u00a0\u00a0\u00a0 Massage Californien S\u00e9ance 1h : 50 \u20ac \u00a0\u00a0\u00a0\u00a0 Massage Harmonie S\u00e9ance 1h : 60 \u20ac S\u00e9ance 1h15 : 70 \u20ac Massage enfants 4-12 ans En savoir plus surTarifs &#038; Contact[&hellip;]","og_url":"https:\/\/perle-energie.fr\/index.php\/tarifs-contact\/","og_site_name":"Perles d&#039;\u00e9nergie - Mich\u00e8le Mamy","article_modified_time":"2025-08-28T16:06:05+00:00","twitter_card":"summary_large_image","twitter_misc":{"Dur\u00e9e de lecture estim\u00e9e":"1 minute"},"schema":{"@context":"https:\/\/schema.org","@graph":[{"@type":"WebSite","@id":"https:\/\/perle-energie.fr\/#website","url":"https:\/\/perle-energie.fr\/","name":"Perles d&#039;\u00e9nergie - Mich\u00e8le Mamy","description":"","potentialAction":[{"@type":"SearchAction","target":{"@type":"EntryPoint","urlTemplate":"https:\/\/perle-energie.fr\/?s={search_term_string}"},"query-input":"required name=search_term_string"}],"inLanguage":"fr-FR"},{"@type":"WebPage","@id":"https:\/\/perle-energie.fr\/index.php\/tarifs-contact\/#webpage","url":"https:\/\/perle-energie.fr\/index.php\/tarifs-contact\/","name":"Tarifs & Contact - Perles d&#039;\u00e9nergie - Mich\u00e8le Mamy","isPartOf":{"@id":"https:\/\/perle-energie.fr\/#website"},"datePublished":"2018-09-29T15:27:01+00:00","dateModified":"2025-08-28T16:06:05+00:00","breadcrumb":{"@id":"https:\/\/perle-energie.fr\/index.php\/tarifs-contact\/#breadcrumb"},"inLanguage":"fr-FR","potentialAction":[{"@type":"ReadAction","target":["https:\/\/perle-energie.fr\/index.php\/tarifs-contact\/"]}]},{"@type":"BreadcrumbList","@id":"https:\/\/perle-energie.fr\/index.php\/tarifs-contact\/#breadcrumb","itemListElement":[{"@type":"ListItem","position":1,"name":"Accueil","item":"https:\/\/perle-energie.fr\/"},{"@type":"ListItem","position":2,"name":"Tarifs &#038; Contact"}]}]}},"_links":{"self":[{"href":"https:\/\/perle-energie.fr\/index.php\/wp-json\/wp\/v2\/pages\/114"}],"collection":[{"href":"https:\/\/perle-energie.fr\/index.php\/wp-json\/wp\/v2\/pages"}],"about":[{"href":"https:\/\/perle-energie.fr\/index.php\/wp-json\/wp\/v2\/types\/page"}],"author":[{"embeddable":true,"href":"https:\/\/perle-energie.fr\/index.php\/wp-json\/wp\/v2\/users\/1"}],"replies":[{"embeddable":true,"href":"https:\/\/perle-energie.fr\/index.php\/wp-json\/wp\/v2\/comments?post=114"}],"version-history":[{"count":45,"href":"https:\/\/perle-energie.fr\/index.php\/wp-json\/wp\/v2\/pages\/114\/revisions"}],"predecessor-version":[{"id":469,"href":"https:\/\/perle-energie.fr\/index.php\/wp-json\/wp\/v2\/pages\/114\/revisions\/469"}],"wp:attachment":[{"href":"https:\/\/perle-energie.fr\/index.php\/wp-json\/wp\/v2\/media?parent=114"}],"curies":[{"name":"wp","href":"https:\/\/api.w.org\/{rel}","templated":true}]}}